{"id":239,"date":"2020-03-24T18:10:13","date_gmt":"2020-03-24T18:10:13","guid":{"rendered":"http:\/\/sysweb.it\/?page_id=239"},"modified":"2024-09-12T08:59:28","modified_gmt":"2024-09-12T08:59:28","slug":"software-per-presse","status":"publish","type":"page","link":"https:\/\/sysweb.it\/?page_id=239","title":{"rendered":"Software per presse"},"content":{"rendered":"\n<div class=\"wp-block-media-text alignwide is-stacked-on-mobile is-vertically-aligned-top\" style=\"grid-template-columns:55% auto\"><figure class=\"wp-block-media-text__media\"><img loading=\"lazy\" decoding=\"async\" width=\"1025\" height=\"770\" src=\"http:\/\/sysweb.it\/wp-content\/uploads\/2024\/09\/SWS_main.jpg\" alt=\"\" class=\"wp-image-717 size-full\" srcset=\"https:\/\/sysweb.it\/wp-content\/uploads\/2024\/09\/SWS_main.jpg 1025w, https:\/\/sysweb.it\/wp-content\/uploads\/2024\/09\/SWS_main-300x225.jpg 300w, https:\/\/sysweb.it\/wp-content\/uploads\/2024\/09\/SWS_main-768x577.jpg 768w\" sizes=\"auto, (max-width: 1025px) 100vw, 1025px\" \/><\/figure><div class=\"wp-block-media-text__content\">\n<p class=\"has-large-font-size\">SWS: <strong>S<\/strong>ys<strong>W<\/strong>eb<strong>S<\/strong>upervisor<\/p>\n\n\n\n<p> Il supervisore di gestione pressa \u00e8 strutturato in modo da potere  accedere con pochi tocchi a tutte le funzionalit\u00e0 principali. Una pagina  di home inoltre permette di avere sotto controllo tutti i principali parametri di processo. Nel nostro supervisore \u00e8 possibile integrare anche la gestione del caricatore, del lubrificatore e della trancia. Questo permette al cambio stampo di attrezzare la macchina molto velocemente.<\/p>\n<\/div><\/div>\n\n\n\n<hr class=\"wp-block-separator is-style-wide\"\/>\n\n\n\n<div class=\"wp-block-media-text alignwide is-stacked-on-mobile is-vertically-aligned-top\" style=\"grid-template-columns:55% auto\"><figure class=\"wp-block-media-text__media\"><img loading=\"lazy\" decoding=\"async\" width=\"1024\" height=\"769\" src=\"http:\/\/sysweb.it\/wp-content\/uploads\/2024\/09\/SWS_curve.png\" alt=\"\" class=\"wp-image-716 size-full\" srcset=\"https:\/\/sysweb.it\/wp-content\/uploads\/2024\/09\/SWS_curve.png 1024w, https:\/\/sysweb.it\/wp-content\/uploads\/2024\/09\/SWS_curve-300x225.png 300w, https:\/\/sysweb.it\/wp-content\/uploads\/2024\/09\/SWS_curve-768x577.png 768w\" sizes=\"auto, (max-width: 1024px) 100vw, 1024px\" \/><\/figure><div class=\"wp-block-media-text__content\">\n<p class=\"has-large-font-size\">Controllo di processo<\/p>\n\n\n\n<p>Un avanzato ed affidabile sistema per il controllo di processo \u00e8 parte integrante del supervisore. Attraverso le schede (Tab) \u00e8 possibile accedere alla tabella cronologica delle iniezioni, alle tolleranze (dove \u00e8 possibile generare lo scarto del pezzo) e ad un ricco formulario per la parametrizzazione base del processo di pressofusione.<br>Il sistema permette di memorizzare teoricamente un numero infinito di curve. Tutti i dati raccolti possono essere elaborati in ufficio con un apposito software di analisi statistica.<\/p>\n<\/div><\/div>\n\n\n\n<p><\/p>\n","protected":false},"excerpt":{"rendered":"<p>SWS: SysWebSupervisor Il supervisore di gestione pressa \u00e8 strutturato in modo da potere accedere con pochi tocchi a tutte le&#8230;<\/p>\n","protected":false},"author":1,"featured_media":0,"parent":0,"menu_order":0,"comment_status":"closed","ping_status":"closed","template":"","meta":{"_monsterinsights_skip_tracking":false,"_monsterinsights_sitenote_active":false,"_monsterinsights_sitenote_note":"","_monsterinsights_sitenote_category":0,"footnotes":""},"class_list":["post-239","page","type-page","status-publish","hentry"],"_links":{"self":[{"href":"https:\/\/sysweb.it\/index.php?rest_route=\/wp\/v2\/pages\/239","targetHints":{"allow":["GET"]}}],"collection":[{"href":"https:\/\/sysweb.it\/index.php?rest_route=\/wp\/v2\/pages"}],"about":[{"href":"https:\/\/sysweb.it\/index.php?rest_route=\/wp\/v2\/types\/page"}],"author":[{"embeddable":true,"href":"https:\/\/sysweb.it\/index.php?rest_route=\/wp\/v2\/users\/1"}],"replies":[{"embeddable":true,"href":"https:\/\/sysweb.it\/index.php?rest_route=%2Fwp%2Fv2%2Fcomments&post=239"}],"version-history":[{"count":6,"href":"https:\/\/sysweb.it\/index.php?rest_route=\/wp\/v2\/pages\/239\/revisions"}],"predecessor-version":[{"id":719,"href":"https:\/\/sysweb.it\/index.php?rest_route=\/wp\/v2\/pages\/239\/revisions\/719"}],"wp:attachment":[{"href":"https:\/\/sysweb.it\/index.php?rest_route=%2Fwp%2Fv2%2Fmedia&parent=239"}],"curies":[{"name":"wp","href":"https:\/\/api.w.org\/{rel}","templated":true}]}}