{"id":23,"date":"2020-03-22T18:30:54","date_gmt":"2020-03-22T17:30:54","guid":{"rendered":"http:\/\/localhost\/sysweb\/?page_id=23"},"modified":"2020-04-13T16:23:14","modified_gmt":"2020-04-13T16:23:14","slug":"home-page","status":"publish","type":"page","link":"https:\/\/sysweb.it\/","title":{"rendered":"Presentazione"},"content":{"rendered":"\n<p>Presente sul mercato dal 2000, Sysweb si occupa di progettazione di apparecchiature elettriche e di  software per la gestione di impianti di automazione, in particolar modo  riguardanti il settore della pressofusione.<br>  <br> Tra le nostre tipologie di prodotti offriamo: <br> <br> &#8211; Realizzazione di cabine di comando per la gestione di impianti di automazione.<br> &#8211; Realizzazione del programma di gestione dell&#8217;impianto con PLC Siemens e  relativo software di supervisione.<br>  &#8211; Integrazione dei dati raccolti sull&#8217;impianto con il Vs sito web aziendale.<br>  &#8211; Sostituzione vecchi sistemi basati sul PLC siemens serie STEP5 con  PLC STEP7 o 1500, con fornitura di nuovo PC touch per l&#8217;interfaccia utente,  nuovo programma PLC e sistema di controllo di processo. <\/p>\n\n\n\n<h2 class=\"wp-block-heading\">Impianti di gestione isole di pressofusione:   <\/h2>\n\n\n\n<p>Da pi\u00f9 di vent&#8217;anni progettiamo e realizziamo hardware e software per tutta la gamma di prodotti presenti nelle fonderie di pressofusione:<\/p>\n\n\n\n<ul class=\"wp-block-list\"><li> Presse camera fredda e calda. <\/li><li> Dosatori lineari e rotativi. <\/li><li> Lubrificatori asincroni e brushless. <\/li><li> Trance.  <\/li><\/ul>\n\n\n\n<p>Abbiamo realizzato pi\u00f9 di 1000 sistemi e la soddisfazione del cliente \u00e8 considerata sempre la nostra priorit\u00e0. Per la parte hardware ci affidiamo a prodotti leader nel settore come Siemens, Vipa, Asem e Advantech. I software sono realizzati con PLC della serie  Siemens  S7 300 e 1500. <\/p>\n\n\n\n<p>L&#8217; interfaccia utente viene realizzata con pannelli operatori  di tipo touch screen. I supervisori sono potenti e completi, ma il loro utilizzo, facile ed intuitivo, garantisce  tempi di apprendimento per gli operatori molto veloci. <\/p>\n\n\n\n<p>I nostri sistemi possono essere applicati su macchine di nuova produzione o su macchine gi\u00e0 esistenti. Si eseguono anche <strong>aggiornamenti di PLC di vecchia generazione<\/strong> offrendo diverse tipologie di intervento al fine di ridurre al minimo i tempi di fermo macchina. <\/p>\n\n\n\n<hr class=\"wp-block-separator is-style-wide\"\/>\n\n\n\n<div class=\"wp-block-media-text alignwide is-stacked-on-mobile is-vertically-aligned-top\"><figure class=\"wp-block-media-text__media\"><img loading=\"lazy\" decoding=\"async\" width=\"1024\" height=\"576\" src=\"http:\/\/sysweb.it\/wp-content\/uploads\/2020\/03\/WP_20160112_09_46_45_Pro-1-1024x576.jpg\" alt=\"\" class=\"wp-image-223\" srcset=\"https:\/\/sysweb.it\/wp-content\/uploads\/2020\/03\/WP_20160112_09_46_45_Pro-1-1024x576.jpg 1024w, https:\/\/sysweb.it\/wp-content\/uploads\/2020\/03\/WP_20160112_09_46_45_Pro-1-300x169.jpg 300w, https:\/\/sysweb.it\/wp-content\/uploads\/2020\/03\/WP_20160112_09_46_45_Pro-1-768x432.jpg 768w, https:\/\/sysweb.it\/wp-content\/uploads\/2020\/03\/WP_20160112_09_46_45_Pro-1-1536x864.jpg 1536w, https:\/\/sysweb.it\/wp-content\/uploads\/2020\/03\/WP_20160112_09_46_45_Pro-1-2048x1152.jpg 2048w\" sizes=\"auto, (max-width: 1024px) 100vw, 1024px\" \/><\/figure><div class=\"wp-block-media-text__content\">\n<h2 class=\"wp-block-heading\">Cabine di comando<\/h2>\n\n\n\n<p>Per la parte hardware ci affidiamo ad aziende leader nel settore dell&#8217;automazione. I quadri elettrici sono molto curati nella loro progettazione e realizzazione. L&#8217;assistenza post vendita \u00e8 garantita da un vasto team di tecnici.<\/p>\n<\/div><\/div>\n\n\n\n<p><\/p>\n\n\n\n<hr class=\"wp-block-separator is-style-wide\"\/>\n\n\n\n<div class=\"wp-block-media-text alignwide has-media-on-the-right is-stacked-on-mobile is-vertically-aligned-top\"><figure class=\"wp-block-media-text__media\"><img loading=\"lazy\" decoding=\"async\" width=\"1024\" height=\"576\" src=\"http:\/\/sysweb.it\/wp-content\/uploads\/2020\/03\/WP_20170214_18_18_05_Pro-1024x576.jpg\" alt=\"\" class=\"wp-image-272\" srcset=\"https:\/\/sysweb.it\/wp-content\/uploads\/2020\/03\/WP_20170214_18_18_05_Pro-1024x576.jpg 1024w, https:\/\/sysweb.it\/wp-content\/uploads\/2020\/03\/WP_20170214_18_18_05_Pro-300x169.jpg 300w, https:\/\/sysweb.it\/wp-content\/uploads\/2020\/03\/WP_20170214_18_18_05_Pro-768x432.jpg 768w, https:\/\/sysweb.it\/wp-content\/uploads\/2020\/03\/WP_20170214_18_18_05_Pro.jpg 1365w\" sizes=\"auto, (max-width: 1024px) 100vw, 1024px\" \/><\/figure><div class=\"wp-block-media-text__content\">\n<h2 class=\"wp-block-heading\">Ufficio<\/h2>\n\n\n\n<p>Nel nostro nuovo ufficio di Puegnago, situato sulla costa occidentale del lago di Garda, abbiamo creato uno spazio lavorativo accogliente e tecnologicamente avanzato. I nostri programmatori hanno a disposizione dotazioni di ultima generazione, che permettono di accrescere e sviluppare al meglio i nostri progetti.<br>Offriamo ai ns collaboratori anche la possibilit\u00e0 di lavorare tramite &#8220;smart working&#8221;<\/p>\n<\/div><\/div>\n\n\n\n<div class=\"wp-block-group alignwide\"><div class=\"wp-block-group__inner-container is-layout-flow wp-block-group-is-layout-flow\">\n<hr class=\"wp-block-separator is-style-wide\"\/>\n\n\n\n<div class=\"wp-block-media-text alignfull is-stacked-on-mobile is-vertically-aligned-top\" style=\"grid-template-columns:42% auto\"><figure class=\"wp-block-media-text__media\"><img loading=\"lazy\" decoding=\"async\" width=\"250\" height=\"249\" src=\"http:\/\/sysweb.it\/wp-content\/uploads\/2020\/03\/assistenza-remota-1.png\" alt=\"\" class=\"wp-image-276\" srcset=\"https:\/\/sysweb.it\/wp-content\/uploads\/2020\/03\/assistenza-remota-1.png 250w, https:\/\/sysweb.it\/wp-content\/uploads\/2020\/03\/assistenza-remota-1-150x150.png 150w\" sizes=\"auto, (max-width: 250px) 100vw, 250px\" \/><\/figure><div class=\"wp-block-media-text__content\">\n<h2 class=\"wp-block-heading\">Assistenza remota<\/h2>\n\n\n\n<p>Tutti i nostri sistemi possono essere connessi ad internet tramite una connessione wi-fi o tramite rete cablata. Questo ci permette di garantire tempi di intervento rapido e di tenere costantemente i nostri software sempre aggiornati.<\/p>\n<\/div><\/div>\n<\/div><\/div>\n","protected":false},"excerpt":{"rendered":"<p>Presente sul mercato dal 2000, Sysweb si occupa di progettazione di apparecchiature elettriche e di software per la gestione di&#8230;<\/p>\n","protected":false},"author":1,"featured_media":0,"parent":0,"menu_order":0,"comment_status":"closed","ping_status":"closed","template":"","meta":{"_monsterinsights_skip_tracking":false,"_monsterinsights_sitenote_active":false,"_monsterinsights_sitenote_note":"","_monsterinsights_sitenote_category":0,"footnotes":""},"class_list":["post-23","page","type-page","status-publish","hentry"],"_links":{"self":[{"href":"https:\/\/sysweb.it\/index.php?rest_route=\/wp\/v2\/pages\/23","targetHints":{"allow":["GET"]}}],"collection":[{"href":"https:\/\/sysweb.it\/index.php?rest_route=\/wp\/v2\/pages"}],"about":[{"href":"https:\/\/sysweb.it\/index.php?rest_route=\/wp\/v2\/types\/page"}],"author":[{"embeddable":true,"href":"https:\/\/sysweb.it\/index.php?rest_route=\/wp\/v2\/users\/1"}],"replies":[{"embeddable":true,"href":"https:\/\/sysweb.it\/index.php?rest_route=%2Fwp%2Fv2%2Fcomments&post=23"}],"version-history":[{"count":36,"href":"https:\/\/sysweb.it\/index.php?rest_route=\/wp\/v2\/pages\/23\/revisions"}],"predecessor-version":[{"id":523,"href":"https:\/\/sysweb.it\/index.php?rest_route=\/wp\/v2\/pages\/23\/revisions\/523"}],"wp:attachment":[{"href":"https:\/\/sysweb.it\/index.php?rest_route=%2Fwp%2Fv2%2Fmedia&parent=23"}],"curies":[{"name":"wp","href":"https:\/\/api.w.org\/{rel}","templated":true}]}}